{"id":7633,"date":"2022-06-18T07:04:02","date_gmt":"2022-06-18T05:04:02","guid":{"rendered":"https:\/\/www.florestore.com\/flores-a-domicilio\/?page_id=7633"},"modified":"2022-11-07T10:25:47","modified_gmt":"2022-11-07T08:25:47","slug":"floristerias-malaga","status":"publish","type":"page","link":"https:\/\/www.florestore.com\/flores-a-domicilio\/floristerias-malaga\/","title":{"rendered":"Florister\u00eda M\u00e1laga"},"content":{"rendered":"<div id=\"cs-content\" class=\"cs-content\"><\/div>\n","protected":false},"excerpt":{"rendered":"<p>Flores a DomicilioFlorister\u00eda en M\u00e1laga con env\u00edo a domicilio Env\u00edo de flores frescas y ramos naturales en M\u00e1laga con florestore&iquest;Est&aacute;s pensando en enviar flores en M&aacute;laga? Con florestore, enviar flores a domicilio en M&aacute;laga es muy f&aacute;cil. Env&iacute;a tu ramo de flores naturales en M&aacute;laga con la florister&iacute;a online florestore y &iexcl;sorprende con flores naturales y env&iacute;o gratuito!VER FLORES Cestita Spring Cesta de plantas de temporada49,95 &euro;COMPRAR Manhattan Ramo de flores para cumplea&ntilde;os48,00 &euro;COMPRAR Forest Ramo de flores silvestres55,00 &euro;COMPRARLos Mejores Arreglos Florales en M&aacute;laga La mayor variedad de arreglos &#8230; <a href=\"https:\/\/www.florestore.com\/flores-a-domicilio\/floristerias-malaga\/\" class=\"more-link\">Leer m\u00e1s<\/a><\/p>\n","protected":false},"author":1,"featured_media":7639,"parent":0,"menu_order":0,"comment_status":"closed","ping_status":"closed","template":"template-blank-4.php","meta":{"jetpack_post_was_ever_published":false},"yoast_head":"<!-- This site is optimized with the Yoast SEO plugin v20.0 - https:\/\/yoast.com\/wordpress\/plugins\/seo\/ -->\n<title>Florister\u00eda M\u00e1laga \u25b6\ufe0e\u25b6\ufe0e \u00a1Env\u00edo y Dedicatoria Gratis!<\/title>\n<meta name=\"description\" content=\"Florister\u00eda M\u00e1laga con servicio gratuito de env\u00edo de flores a domicilio en M\u00e1laga. Ramos de flores naturales con entrega en el mismo d\u00eda.\" \/>\n<meta name=\"robots\" content=\"index, follow, max-snippet:-1, max-image-preview:large, max-video-preview:-1\" \/>\n<link rel=\"canonical\" href=\"https:\/\/www.florestore.com\/flores-a-domicilio\/floristerias-malaga\/\" \/>\n<meta property=\"og:locale\" content=\"es_ES\" \/>\n<meta property=\"og:type\" content=\"article\" \/>\n<meta property=\"og:title\" content=\"Florister\u00eda M\u00e1laga \u25b6\ufe0e\u25b6\ufe0e \u00a1Env\u00edo y Dedicatoria Gratis!\" \/>\n<meta property=\"og:description\" content=\"Florister\u00eda M\u00e1laga con servicio gratuito de env\u00edo de flores a domicilio en M\u00e1laga. Ramos de flores naturales con entrega en el mismo d\u00eda.\" \/>\n<meta property=\"og:url\" content=\"https:\/\/www.florestore.com\/flores-a-domicilio\/floristerias-malaga\/\" \/>\n<meta property=\"og:site_name\" content=\"flores a domicilio\" \/>\n<meta property=\"article:publisher\" content=\"http:\/\/www.facebook.com\/florsperatu\" \/>\n<meta property=\"article:modified_time\" content=\"2022-11-07T08:25:47+00:00\" \/>\n<meta property=\"og:image\" content=\"https:\/\/i0.wp.com\/www.florestore.com\/flores-a-domicilio\/wp-content\/uploads\/2022\/06\/floristeria-malaga.jpg?fit=1200%2C1372&ssl=1\" \/>\n\t<meta property=\"og:image:width\" content=\"1200\" \/>\n\t<meta property=\"og:image:height\" content=\"1372\" \/>\n\t<meta property=\"og:image:type\" content=\"image\/jpeg\" \/>\n<meta name=\"twitter:card\" content=\"summary_large_image\" \/>\n<meta name=\"twitter:site\" content=\"@florsperatu\" \/>\n<meta name=\"twitter:label1\" content=\"Tiempo de lectura\" \/>\n\t<meta name=\"twitter:data1\" content=\"8 minutos\" \/>\n<!-- \/ Yoast SEO plugin. -->","yoast_head_json":{"title":"Florister\u00eda M\u00e1laga \u25b6\ufe0e\u25b6\ufe0e \u00a1Env\u00edo y Dedicatoria Gratis!","description":"Florister\u00eda M\u00e1laga con servicio gratuito de env\u00edo de flores a domicilio en M\u00e1laga. Ramos de flores naturales con entrega en el mismo d\u00eda.","robots":{"index":"index","follow":"follow","max-snippet":"max-snippet:-1","max-image-preview":"max-image-preview:large","max-video-preview":"max-video-preview:-1"},"canonical":"https:\/\/www.florestore.com\/flores-a-domicilio\/floristerias-malaga\/","og_locale":"es_ES","og_type":"article","og_title":"Florister\u00eda M\u00e1laga \u25b6\ufe0e\u25b6\ufe0e \u00a1Env\u00edo y Dedicatoria Gratis!","og_description":"Florister\u00eda M\u00e1laga con servicio gratuito de env\u00edo de flores a domicilio en M\u00e1laga. Ramos de flores naturales con entrega en el mismo d\u00eda.","og_url":"https:\/\/www.florestore.com\/flores-a-domicilio\/floristerias-malaga\/","og_site_name":"flores a domicilio","article_publisher":"http:\/\/www.facebook.com\/florsperatu","article_modified_time":"2022-11-07T08:25:47+00:00","og_image":[{"width":1200,"height":1372,"url":"https:\/\/i0.wp.com\/www.florestore.com\/flores-a-domicilio\/wp-content\/uploads\/2022\/06\/floristeria-malaga.jpg?fit=1200%2C1372&ssl=1","type":"image\/jpeg"}],"twitter_card":"summary_large_image","twitter_site":"@florsperatu","twitter_misc":{"Tiempo de lectura":"8 minutos"},"schema":{"@context":"https:\/\/schema.org","@graph":[{"@type":"WebPage","@id":"https:\/\/www.florestore.com\/flores-a-domicilio\/floristerias-malaga\/","url":"https:\/\/www.florestore.com\/flores-a-domicilio\/floristerias-malaga\/","name":"Florister\u00eda M\u00e1laga \u25b6\ufe0e\u25b6\ufe0e \u00a1Env\u00edo y Dedicatoria Gratis!","isPartOf":{"@id":"https:\/\/www.florestore.com\/flores-a-domicilio\/#website"},"datePublished":"2022-06-18T05:04:02+00:00","dateModified":"2022-11-07T08:25:47+00:00","description":"Florister\u00eda M\u00e1laga con servicio gratuito de env\u00edo de flores a domicilio en M\u00e1laga. Ramos de flores naturales con entrega en el mismo d\u00eda.","breadcrumb":{"@id":"https:\/\/www.florestore.com\/flores-a-domicilio\/floristerias-malaga\/#breadcrumb"},"inLanguage":"es","potentialAction":[{"@type":"ReadAction","target":["https:\/\/www.florestore.com\/flores-a-domicilio\/floristerias-malaga\/"]}]},{"@type":"BreadcrumbList","@id":"https:\/\/www.florestore.com\/flores-a-domicilio\/floristerias-malaga\/#breadcrumb","itemListElement":[{"@type":"ListItem","position":1,"name":"Portada","item":"https:\/\/www.florestore.com\/flores-a-domicilio\/"},{"@type":"ListItem","position":2,"name":"Florister\u00eda M\u00e1laga"}]},{"@type":"WebSite","@id":"https:\/\/www.florestore.com\/flores-a-domicilio\/#website","url":"https:\/\/www.florestore.com\/flores-a-domicilio\/","name":"flores a domicilio","description":"Env\u00edo de flores a domicilio","publisher":{"@id":"https:\/\/www.florestore.com\/flores-a-domicilio\/#organization"},"potentialAction":[{"@type":"SearchAction","target":{"@type":"EntryPoint","urlTemplate":"https:\/\/www.florestore.com\/flores-a-domicilio\/?s={search_term_string}"},"query-input":"required name=search_term_string"}],"inLanguage":"es"},{"@type":"Organization","@id":"https:\/\/www.florestore.com\/flores-a-domicilio\/#organization","name":"florestore","url":"https:\/\/www.florestore.com\/flores-a-domicilio\/","logo":{"@type":"ImageObject","inLanguage":"es","@id":"https:\/\/www.florestore.com\/flores-a-domicilio\/#\/schema\/logo\/image\/","url":"https:\/\/i2.wp.com\/www.florestore.com\/flores-a-domicilio\/wp-content\/uploads\/2015\/09\/florestore.jpeg?fit=250%2C63&ssl=1","contentUrl":"https:\/\/i2.wp.com\/www.florestore.com\/flores-a-domicilio\/wp-content\/uploads\/2015\/09\/florestore.jpeg?fit=250%2C63&ssl=1","width":250,"height":63,"caption":"florestore"},"image":{"@id":"https:\/\/www.florestore.com\/flores-a-domicilio\/#\/schema\/logo\/image\/"},"sameAs":["http:\/\/www.instagram.com\/florsperatu","http:\/\/www.facebook.com\/florsperatu","https:\/\/twitter.com\/florsperatu"]}]}},"jetpack_shortlink":"https:\/\/wp.me\/P6MP5N-1Z7","_links":{"self":[{"href":"https:\/\/www.florestore.com\/flores-a-domicilio\/wp-json\/wp\/v2\/pages\/7633"}],"collection":[{"href":"https:\/\/www.florestore.com\/flores-a-domicilio\/wp-json\/wp\/v2\/pages"}],"about":[{"href":"https:\/\/www.florestore.com\/flores-a-domicilio\/wp-json\/wp\/v2\/types\/page"}],"author":[{"embeddable":true,"href":"https:\/\/www.florestore.com\/flores-a-domicilio\/wp-json\/wp\/v2\/users\/1"}],"replies":[{"embeddable":true,"href":"https:\/\/www.florestore.com\/flores-a-domicilio\/wp-json\/wp\/v2\/comments?post=7633"}],"version-history":[{"count":14,"href":"https:\/\/www.florestore.com\/flores-a-domicilio\/wp-json\/wp\/v2\/pages\/7633\/revisions"}],"predecessor-version":[{"id":7671,"href":"https:\/\/www.florestore.com\/flores-a-domicilio\/wp-json\/wp\/v2\/pages\/7633\/revisions\/7671"}],"wp:featuredmedia":[{"embeddable":true,"href":"https:\/\/www.florestore.com\/flores-a-domicilio\/wp-json\/wp\/v2\/media\/7639"}],"wp:attachment":[{"href":"https:\/\/www.florestore.com\/flores-a-domicilio\/wp-json\/wp\/v2\/media?parent=7633"}],"curies":[{"name":"wp","href":"https:\/\/api.w.org\/{rel}","templated":true}]}}