{"id":7193,"date":"2021-07-11T08:57:43","date_gmt":"2021-07-11T06:57:43","guid":{"rendered":"https:\/\/www.florestore.com\/flores-a-domicilio\/?page_id=7193"},"modified":"2021-08-11T08:01:04","modified_gmt":"2021-08-11T06:01:04","slug":"el-escorial","status":"publish","type":"page","link":"https:\/\/www.florestore.com\/flores-a-domicilio\/el-escorial\/","title":{"rendered":"Florister\u00eda El Escorial"},"content":{"rendered":"<div id=\"cs-content\" class=\"cs-content\"><\/div>\n","protected":false},"excerpt":{"rendered":"<p>Flores a DomicilioEnv&iacute;o de Flores a Domicilio en El Escorial Env&iacute;a ramos de flores frescas en El Escorial con florestore&iquest;Buscando florister&iacute;a en El Escorial? Ahora, enviar flores en El Escorial nunca ha sido tan f&aacute;cil, porque desde nuestra florister&iacute;a online florestore, puedes regalar los ramos de flores naturales m&aacute;s originales a El Escorial o en Madrid y dejar que las flores hablen por ti.ENVIAR FLORES Cestita Spring Cesta de plantas de temporada49,95 &euro;COMPRAR Manhattan Ramo de flores para cumplea&ntilde;os48,00 &euro;COMPRAR Forest Ramo de flores silvestres55,00 &euro;COMPRAR Sweet Dreams Flores para &#8230; <a href=\"https:\/\/www.florestore.com\/flores-a-domicilio\/el-escorial\/\" class=\"more-link\">Leer m\u00e1s<\/a><\/p>\n","protected":false},"author":1,"featured_media":0,"parent":0,"menu_order":0,"comment_status":"closed","ping_status":"closed","template":"template-blank-4.php","meta":{"jetpack_post_was_ever_published":false},"yoast_head":"<!-- This site is optimized with the Yoast SEO plugin v20.0 - https:\/\/yoast.com\/wordpress\/plugins\/seo\/ -->\n<title>Florister\u00eda El Escorial - flores a domicilio<\/title>\n<meta name=\"description\" content=\"Florister\u00eda El Escorial, con servicio de flores a domicilio. Env\u00edo flores naturales a El Escorial desde la florister\u00eda online, \u00a1Env\u00edo Gratis!\" \/>\n<meta name=\"robots\" content=\"index, follow, max-snippet:-1, max-image-preview:large, max-video-preview:-1\" \/>\n<link rel=\"canonical\" href=\"https:\/\/www.florestore.com\/flores-a-domicilio\/el-escorial\/\" \/>\n<meta property=\"og:locale\" content=\"es_ES\" \/>\n<meta property=\"og:type\" content=\"article\" \/>\n<meta property=\"og:title\" content=\"Florister\u00eda El Escorial - flores a domicilio\" \/>\n<meta property=\"og:description\" content=\"Florister\u00eda El Escorial, con servicio de flores a domicilio. Env\u00edo flores naturales a El Escorial desde la florister\u00eda online, \u00a1Env\u00edo Gratis!\" \/>\n<meta property=\"og:url\" content=\"https:\/\/www.florestore.com\/flores-a-domicilio\/el-escorial\/\" \/>\n<meta property=\"og:site_name\" content=\"flores a domicilio\" \/>\n<meta property=\"article:publisher\" content=\"http:\/\/www.facebook.com\/florsperatu\" \/>\n<meta property=\"article:modified_time\" content=\"2021-08-11T06:01:04+00:00\" \/>\n<meta name=\"twitter:card\" content=\"summary_large_image\" \/>\n<meta name=\"twitter:site\" content=\"@florsperatu\" \/>\n<meta name=\"twitter:label1\" content=\"Tiempo de lectura\" \/>\n\t<meta name=\"twitter:data1\" content=\"8 minutos\" \/>\n<!-- \/ Yoast SEO plugin. -->","yoast_head_json":{"title":"Florister\u00eda El Escorial - flores a domicilio","description":"Florister\u00eda El Escorial, con servicio de flores a domicilio. Env\u00edo flores naturales a El Escorial desde la florister\u00eda online, \u00a1Env\u00edo Gratis!","robots":{"index":"index","follow":"follow","max-snippet":"max-snippet:-1","max-image-preview":"max-image-preview:large","max-video-preview":"max-video-preview:-1"},"canonical":"https:\/\/www.florestore.com\/flores-a-domicilio\/el-escorial\/","og_locale":"es_ES","og_type":"article","og_title":"Florister\u00eda El Escorial - flores a domicilio","og_description":"Florister\u00eda El Escorial, con servicio de flores a domicilio. Env\u00edo flores naturales a El Escorial desde la florister\u00eda online, \u00a1Env\u00edo Gratis!","og_url":"https:\/\/www.florestore.com\/flores-a-domicilio\/el-escorial\/","og_site_name":"flores a domicilio","article_publisher":"http:\/\/www.facebook.com\/florsperatu","article_modified_time":"2021-08-11T06:01:04+00:00","twitter_card":"summary_large_image","twitter_site":"@florsperatu","twitter_misc":{"Tiempo de lectura":"8 minutos"},"schema":{"@context":"https:\/\/schema.org","@graph":[{"@type":"WebPage","@id":"https:\/\/www.florestore.com\/flores-a-domicilio\/el-escorial\/","url":"https:\/\/www.florestore.com\/flores-a-domicilio\/el-escorial\/","name":"Florister\u00eda El Escorial - flores a domicilio","isPartOf":{"@id":"https:\/\/www.florestore.com\/flores-a-domicilio\/#website"},"datePublished":"2021-07-11T06:57:43+00:00","dateModified":"2021-08-11T06:01:04+00:00","description":"Florister\u00eda El Escorial, con servicio de flores a domicilio. Env\u00edo flores naturales a El Escorial desde la florister\u00eda online, \u00a1Env\u00edo Gratis!","breadcrumb":{"@id":"https:\/\/www.florestore.com\/flores-a-domicilio\/el-escorial\/#breadcrumb"},"inLanguage":"es","potentialAction":[{"@type":"ReadAction","target":["https:\/\/www.florestore.com\/flores-a-domicilio\/el-escorial\/"]}]},{"@type":"BreadcrumbList","@id":"https:\/\/www.florestore.com\/flores-a-domicilio\/el-escorial\/#breadcrumb","itemListElement":[{"@type":"ListItem","position":1,"name":"Portada","item":"https:\/\/www.florestore.com\/flores-a-domicilio\/"},{"@type":"ListItem","position":2,"name":"Florister\u00eda El Escorial"}]},{"@type":"WebSite","@id":"https:\/\/www.florestore.com\/flores-a-domicilio\/#website","url":"https:\/\/www.florestore.com\/flores-a-domicilio\/","name":"flores a domicilio","description":"Env\u00edo de flores a domicilio","publisher":{"@id":"https:\/\/www.florestore.com\/flores-a-domicilio\/#organization"},"potentialAction":[{"@type":"SearchAction","target":{"@type":"EntryPoint","urlTemplate":"https:\/\/www.florestore.com\/flores-a-domicilio\/?s={search_term_string}"},"query-input":"required name=search_term_string"}],"inLanguage":"es"},{"@type":"Organization","@id":"https:\/\/www.florestore.com\/flores-a-domicilio\/#organization","name":"florestore","url":"https:\/\/www.florestore.com\/flores-a-domicilio\/","logo":{"@type":"ImageObject","inLanguage":"es","@id":"https:\/\/www.florestore.com\/flores-a-domicilio\/#\/schema\/logo\/image\/","url":"https:\/\/i2.wp.com\/www.florestore.com\/flores-a-domicilio\/wp-content\/uploads\/2015\/09\/florestore.jpeg?fit=250%2C63&ssl=1","contentUrl":"https:\/\/i2.wp.com\/www.florestore.com\/flores-a-domicilio\/wp-content\/uploads\/2015\/09\/florestore.jpeg?fit=250%2C63&ssl=1","width":250,"height":63,"caption":"florestore"},"image":{"@id":"https:\/\/www.florestore.com\/flores-a-domicilio\/#\/schema\/logo\/image\/"},"sameAs":["http:\/\/www.instagram.com\/florsperatu","http:\/\/www.facebook.com\/florsperatu","https:\/\/twitter.com\/florsperatu"]}]}},"jetpack_shortlink":"https:\/\/wp.me\/P6MP5N-1S1","_links":{"self":[{"href":"https:\/\/www.florestore.com\/flores-a-domicilio\/wp-json\/wp\/v2\/pages\/7193"}],"collection":[{"href":"https:\/\/www.florestore.com\/flores-a-domicilio\/wp-json\/wp\/v2\/pages"}],"about":[{"href":"https:\/\/www.florestore.com\/flores-a-domicilio\/wp-json\/wp\/v2\/types\/page"}],"author":[{"embeddable":true,"href":"https:\/\/www.florestore.com\/flores-a-domicilio\/wp-json\/wp\/v2\/users\/1"}],"replies":[{"embeddable":true,"href":"https:\/\/www.florestore.com\/flores-a-domicilio\/wp-json\/wp\/v2\/comments?post=7193"}],"version-history":[{"count":5,"href":"https:\/\/www.florestore.com\/flores-a-domicilio\/wp-json\/wp\/v2\/pages\/7193\/revisions"}],"predecessor-version":[{"id":7198,"href":"https:\/\/www.florestore.com\/flores-a-domicilio\/wp-json\/wp\/v2\/pages\/7193\/revisions\/7198"}],"wp:attachment":[{"href":"https:\/\/www.florestore.com\/flores-a-domicilio\/wp-json\/wp\/v2\/media?parent=7193"}],"curies":[{"name":"wp","href":"https:\/\/api.w.org\/{rel}","templated":true}]}}