{"id":498,"date":"2016-01-28T20:47:21","date_gmt":"2016-01-28T20:47:21","guid":{"rendered":"\/flores-a-domicilio\/?page_id=498"},"modified":"2022-03-04T09:23:29","modified_gmt":"2022-03-04T07:23:29","slug":"rosas-de-sant-jordi","status":"publish","type":"page","link":"https:\/\/www.florestore.com\/flores-a-domicilio\/rosas-de-sant-jordi\/","title":{"rendered":"Rosas de Sant Jordi 2022 &#8211; Comprar Rosas Sant Jordi en Barcelona"},"content":{"rendered":"<div id=\"cs-content\" class=\"cs-content\"><\/div>\n","protected":false},"excerpt":{"rendered":"<p>&nbsp;ROSAS SANT JORDI ENV\u00cdA LAS ROSAS DE SANT JORDI A DOMICILIO M\u00c1S ORIGINALES ARREGLOS CON ROSAS DE SANT JORDI A DOMICILIO Docena de Rosas de Sant Jordi Ramo de 12 rosas rojas extra. Tallo muy largo y gran calibre de flor. \u00bfQuieres sorprender con rosas de Sant Jordi? COMPRARRamo de 6 Rosas de Sant Jordi Bouquet de 6 rosas en jarr\u00f3n con mimbres y una combinaci\u00f3n preciosa de verdes ornamentales. Con motivos de fantas\u00eda para este 23 de abril. COMPRARCapazo de Rosas de Sant Jordi Capazo elaborado con 10 rosas &#8230; <a href=\"https:\/\/www.florestore.com\/flores-a-domicilio\/rosas-de-sant-jordi\/\" class=\"more-link\">Leer m\u00e1s<\/a><\/p>\n","protected":false},"author":1,"featured_media":0,"parent":0,"menu_order":0,"comment_status":"closed","ping_status":"closed","template":"template-blank-4.php","meta":{"jetpack_post_was_ever_published":false},"yoast_head":"<!-- This site is optimized with the Yoast SEO plugin v20.0 - https:\/\/yoast.com\/wordpress\/plugins\/seo\/ -->\n<title>Rosas de Sant Jordi 2022 - Comprar Rosas Sant Jordi en Barcelona<\/title>\n<meta name=\"description\" content=\"Comprar Rosas de Sant Jordi originales en Barcelona en nuestra florister\u00eda online. \u00a1Haz tu pedido de Rosas Sant Jordi con Env\u00edo Gratis!\" \/>\n<meta name=\"robots\" content=\"index, follow, max-snippet:-1, max-image-preview:large, max-video-preview:-1\" \/>\n<link rel=\"canonical\" href=\"https:\/\/www.florestore.com\/flores-a-domicilio\/rosas-de-sant-jordi\/\" \/>\n<meta property=\"og:locale\" content=\"es_ES\" \/>\n<meta property=\"og:type\" content=\"article\" \/>\n<meta property=\"og:title\" content=\"Rosas de Sant Jordi 2022 - Comprar Rosas Sant Jordi en Barcelona\" \/>\n<meta property=\"og:description\" content=\"Comprar Rosas de Sant Jordi originales en Barcelona en nuestra florister\u00eda online. \u00a1Haz tu pedido de Rosas Sant Jordi con Env\u00edo Gratis!\" \/>\n<meta property=\"og:url\" content=\"https:\/\/www.florestore.com\/flores-a-domicilio\/rosas-de-sant-jordi\/\" \/>\n<meta property=\"og:site_name\" content=\"flores a domicilio\" \/>\n<meta property=\"article:publisher\" content=\"http:\/\/www.facebook.com\/florsperatu\" \/>\n<meta property=\"article:modified_time\" content=\"2022-03-04T07:23:29+00:00\" \/>\n<meta name=\"twitter:card\" content=\"summary_large_image\" \/>\n<meta name=\"twitter:site\" content=\"@florsperatu\" \/>\n<meta name=\"twitter:label1\" content=\"Tiempo de lectura\" \/>\n\t<meta name=\"twitter:data1\" content=\"14 minutos\" \/>\n<!-- \/ Yoast SEO plugin. -->","yoast_head_json":{"title":"Rosas de Sant Jordi 2022 - Comprar Rosas Sant Jordi en Barcelona","description":"Comprar Rosas de Sant Jordi originales en Barcelona en nuestra florister\u00eda online. \u00a1Haz tu pedido de Rosas Sant Jordi con Env\u00edo Gratis!","robots":{"index":"index","follow":"follow","max-snippet":"max-snippet:-1","max-image-preview":"max-image-preview:large","max-video-preview":"max-video-preview:-1"},"canonical":"https:\/\/www.florestore.com\/flores-a-domicilio\/rosas-de-sant-jordi\/","og_locale":"es_ES","og_type":"article","og_title":"Rosas de Sant Jordi 2022 - Comprar Rosas Sant Jordi en Barcelona","og_description":"Comprar Rosas de Sant Jordi originales en Barcelona en nuestra florister\u00eda online. \u00a1Haz tu pedido de Rosas Sant Jordi con Env\u00edo Gratis!","og_url":"https:\/\/www.florestore.com\/flores-a-domicilio\/rosas-de-sant-jordi\/","og_site_name":"flores a domicilio","article_publisher":"http:\/\/www.facebook.com\/florsperatu","article_modified_time":"2022-03-04T07:23:29+00:00","twitter_card":"summary_large_image","twitter_site":"@florsperatu","twitter_misc":{"Tiempo de lectura":"14 minutos"},"schema":{"@context":"https:\/\/schema.org","@graph":[{"@type":"WebPage","@id":"https:\/\/www.florestore.com\/flores-a-domicilio\/rosas-de-sant-jordi\/","url":"https:\/\/www.florestore.com\/flores-a-domicilio\/rosas-de-sant-jordi\/","name":"Rosas de Sant Jordi 2022 - Comprar Rosas Sant Jordi en Barcelona","isPartOf":{"@id":"https:\/\/www.florestore.com\/flores-a-domicilio\/#website"},"datePublished":"2016-01-28T20:47:21+00:00","dateModified":"2022-03-04T07:23:29+00:00","description":"Comprar Rosas de Sant Jordi originales en Barcelona en nuestra florister\u00eda online. \u00a1Haz tu pedido de Rosas Sant Jordi con Env\u00edo Gratis!","breadcrumb":{"@id":"https:\/\/www.florestore.com\/flores-a-domicilio\/rosas-de-sant-jordi\/#breadcrumb"},"inLanguage":"es","potentialAction":[{"@type":"ReadAction","target":["https:\/\/www.florestore.com\/flores-a-domicilio\/rosas-de-sant-jordi\/"]}]},{"@type":"BreadcrumbList","@id":"https:\/\/www.florestore.com\/flores-a-domicilio\/rosas-de-sant-jordi\/#breadcrumb","itemListElement":[{"@type":"ListItem","position":1,"name":"Portada","item":"https:\/\/www.florestore.com\/flores-a-domicilio\/"},{"@type":"ListItem","position":2,"name":"Rosas de Sant Jordi 2022 &#8211; Comprar Rosas Sant Jordi en Barcelona"}]},{"@type":"WebSite","@id":"https:\/\/www.florestore.com\/flores-a-domicilio\/#website","url":"https:\/\/www.florestore.com\/flores-a-domicilio\/","name":"flores a domicilio","description":"Env\u00edo de flores a domicilio","publisher":{"@id":"https:\/\/www.florestore.com\/flores-a-domicilio\/#organization"},"potentialAction":[{"@type":"SearchAction","target":{"@type":"EntryPoint","urlTemplate":"https:\/\/www.florestore.com\/flores-a-domicilio\/?s={search_term_string}"},"query-input":"required name=search_term_string"}],"inLanguage":"es"},{"@type":"Organization","@id":"https:\/\/www.florestore.com\/flores-a-domicilio\/#organization","name":"florestore","url":"https:\/\/www.florestore.com\/flores-a-domicilio\/","logo":{"@type":"ImageObject","inLanguage":"es","@id":"https:\/\/www.florestore.com\/flores-a-domicilio\/#\/schema\/logo\/image\/","url":"https:\/\/i2.wp.com\/www.florestore.com\/flores-a-domicilio\/wp-content\/uploads\/2015\/09\/florestore.jpeg?fit=250%2C63&ssl=1","contentUrl":"https:\/\/i2.wp.com\/www.florestore.com\/flores-a-domicilio\/wp-content\/uploads\/2015\/09\/florestore.jpeg?fit=250%2C63&ssl=1","width":250,"height":63,"caption":"florestore"},"image":{"@id":"https:\/\/www.florestore.com\/flores-a-domicilio\/#\/schema\/logo\/image\/"},"sameAs":["http:\/\/www.instagram.com\/florsperatu","http:\/\/www.facebook.com\/florsperatu","https:\/\/twitter.com\/florsperatu"]}]}},"jetpack_shortlink":"https:\/\/wp.me\/P6MP5N-82","_links":{"self":[{"href":"https:\/\/www.florestore.com\/flores-a-domicilio\/wp-json\/wp\/v2\/pages\/498"}],"collection":[{"href":"https:\/\/www.florestore.com\/flores-a-domicilio\/wp-json\/wp\/v2\/pages"}],"about":[{"href":"https:\/\/www.florestore.com\/flores-a-domicilio\/wp-json\/wp\/v2\/types\/page"}],"author":[{"embeddable":true,"href":"https:\/\/www.florestore.com\/flores-a-domicilio\/wp-json\/wp\/v2\/users\/1"}],"replies":[{"embeddable":true,"href":"https:\/\/www.florestore.com\/flores-a-domicilio\/wp-json\/wp\/v2\/comments?post=498"}],"version-history":[{"count":90,"href":"https:\/\/www.florestore.com\/flores-a-domicilio\/wp-json\/wp\/v2\/pages\/498\/revisions"}],"predecessor-version":[{"id":7517,"href":"https:\/\/www.florestore.com\/flores-a-domicilio\/wp-json\/wp\/v2\/pages\/498\/revisions\/7517"}],"wp:attachment":[{"href":"https:\/\/www.florestore.com\/flores-a-domicilio\/wp-json\/wp\/v2\/media?parent=498"}],"curies":[{"name":"wp","href":"https:\/\/api.w.org\/{rel}","templated":true}]}}