{"id":4559,"date":"2017-12-26T17:38:17","date_gmt":"2017-12-26T17:38:17","guid":{"rendered":"https:\/\/www.florestore.com\/flores-a-domicilio\/?page_id=4559"},"modified":"2022-09-21T11:12:27","modified_gmt":"2022-09-21T09:12:27","slug":"envio-de-flores","status":"publish","type":"page","link":"https:\/\/www.florestore.com\/flores-a-domicilio\/envio-de-flores\/","title":{"rendered":"ENV\u00cdO DE FLORES"},"content":{"rendered":"<div id=\"cs-content\" class=\"cs-content\"><\/div>\n","protected":false},"excerpt":{"rendered":"<p>ENVIO DE FLORES Descubre c\u00f3mo, cu\u00e1ndo, d\u00f3nde.\u00bfC\u00f3mo comprar flores?1.ELIGE TUS FLORES Descubre en nuestro cat\u00e1logo el arreglo floral que m\u00e1s se ajusta a tus necesidades, \u00a1d\u00e9jate sorprender!2.RELLENA EL FORMULARIO \u00a1Ya has hecho lo m\u00e1s dif\u00edcil! Ahora, s\u00f3lo dinos qui\u00e9n recibir\u00e1 tu regalo y \u00a1escr\u00edbele algo bonito! 3. DINOS CU\u00c1NDO Elige el d\u00eda y la hora que quieres que entreguemos tus flores. \u00a1As\u00ed de f\u00e1cil! \u00bfCu\u00e1ndo entreg\u00e1is las flores?ENV\u00cdO GRATIS 24H Para las entregas en Barcelona y algunas poblaciones cercanas, la entrega es gratuita, al d\u00eda siguiente o puedes elegir de &#8230; <a href=\"https:\/\/www.florestore.com\/flores-a-domicilio\/envio-de-flores\/\" class=\"more-link\">Leer m\u00e1s<\/a><\/p>\n","protected":false},"author":1,"featured_media":0,"parent":0,"menu_order":0,"comment_status":"closed","ping_status":"closed","template":"template-blank-4.php","meta":{"jetpack_post_was_ever_published":false},"yoast_head":"<!-- This site is optimized with the Yoast SEO plugin v20.0 - https:\/\/yoast.com\/wordpress\/plugins\/seo\/ -->\n<title>ENV\u00cdO DE FLORES - flores a domicilio<\/title>\n<meta name=\"description\" content=\"Descubre cu\u00e1les son las ciudades de env\u00edo de flores desde nuestra florister\u00eda online. Recuerda que trambi\u00e9n realizamos entrega de flores en Barcelona durante el mismo d\u00eda.\" \/>\n<meta name=\"robots\" content=\"noindex, follow\" \/>\n<meta property=\"og:locale\" content=\"es_ES\" \/>\n<meta property=\"og:type\" content=\"article\" \/>\n<meta property=\"og:title\" content=\"ENV\u00cdO DE FLORES - flores a domicilio\" \/>\n<meta property=\"og:description\" content=\"Descubre cu\u00e1les son las ciudades de env\u00edo de flores desde nuestra florister\u00eda online. Recuerda que trambi\u00e9n realizamos entrega de flores en Barcelona durante el mismo d\u00eda.\" \/>\n<meta property=\"og:url\" content=\"https:\/\/www.florestore.com\/flores-a-domicilio\/envio-de-flores\/\" \/>\n<meta property=\"og:site_name\" content=\"flores a domicilio\" \/>\n<meta property=\"article:publisher\" content=\"http:\/\/www.facebook.com\/florsperatu\" \/>\n<meta property=\"article:modified_time\" content=\"2022-09-21T09:12:27+00:00\" \/>\n<meta name=\"twitter:card\" content=\"summary_large_image\" \/>\n<meta name=\"twitter:site\" content=\"@florsperatu\" \/>\n<meta name=\"twitter:label1\" content=\"Tiempo de lectura\" \/>\n\t<meta name=\"twitter:data1\" content=\"7 minutos\" \/>\n<!-- \/ Yoast SEO plugin. -->","yoast_head_json":{"title":"ENV\u00cdO DE FLORES - flores a domicilio","description":"Descubre cu\u00e1les son las ciudades de env\u00edo de flores desde nuestra florister\u00eda online. Recuerda que trambi\u00e9n realizamos entrega de flores en Barcelona durante el mismo d\u00eda.","robots":{"index":"noindex","follow":"follow"},"og_locale":"es_ES","og_type":"article","og_title":"ENV\u00cdO DE FLORES - flores a domicilio","og_description":"Descubre cu\u00e1les son las ciudades de env\u00edo de flores desde nuestra florister\u00eda online. Recuerda que trambi\u00e9n realizamos entrega de flores en Barcelona durante el mismo d\u00eda.","og_url":"https:\/\/www.florestore.com\/flores-a-domicilio\/envio-de-flores\/","og_site_name":"flores a domicilio","article_publisher":"http:\/\/www.facebook.com\/florsperatu","article_modified_time":"2022-09-21T09:12:27+00:00","twitter_card":"summary_large_image","twitter_site":"@florsperatu","twitter_misc":{"Tiempo de lectura":"7 minutos"},"schema":{"@context":"https:\/\/schema.org","@graph":[{"@type":"WebPage","@id":"https:\/\/www.florestore.com\/flores-a-domicilio\/envio-de-flores\/","url":"https:\/\/www.florestore.com\/flores-a-domicilio\/envio-de-flores\/","name":"ENV\u00cdO DE FLORES - flores a domicilio","isPartOf":{"@id":"https:\/\/www.florestore.com\/flores-a-domicilio\/#website"},"datePublished":"2017-12-26T17:38:17+00:00","dateModified":"2022-09-21T09:12:27+00:00","description":"Descubre cu\u00e1les son las ciudades de env\u00edo de flores desde nuestra florister\u00eda online. Recuerda que trambi\u00e9n realizamos entrega de flores en Barcelona durante el mismo d\u00eda.","breadcrumb":{"@id":"https:\/\/www.florestore.com\/flores-a-domicilio\/envio-de-flores\/#breadcrumb"},"inLanguage":"es","potentialAction":[{"@type":"ReadAction","target":["https:\/\/www.florestore.com\/flores-a-domicilio\/envio-de-flores\/"]}]},{"@type":"BreadcrumbList","@id":"https:\/\/www.florestore.com\/flores-a-domicilio\/envio-de-flores\/#breadcrumb","itemListElement":[{"@type":"ListItem","position":1,"name":"Portada","item":"https:\/\/www.florestore.com\/flores-a-domicilio\/"},{"@type":"ListItem","position":2,"name":"ENV\u00cdO DE FLORES"}]},{"@type":"WebSite","@id":"https:\/\/www.florestore.com\/flores-a-domicilio\/#website","url":"https:\/\/www.florestore.com\/flores-a-domicilio\/","name":"flores a domicilio","description":"Env\u00edo de flores a domicilio","publisher":{"@id":"https:\/\/www.florestore.com\/flores-a-domicilio\/#organization"},"potentialAction":[{"@type":"SearchAction","target":{"@type":"EntryPoint","urlTemplate":"https:\/\/www.florestore.com\/flores-a-domicilio\/?s={search_term_string}"},"query-input":"required name=search_term_string"}],"inLanguage":"es"},{"@type":"Organization","@id":"https:\/\/www.florestore.com\/flores-a-domicilio\/#organization","name":"florestore","url":"https:\/\/www.florestore.com\/flores-a-domicilio\/","logo":{"@type":"ImageObject","inLanguage":"es","@id":"https:\/\/www.florestore.com\/flores-a-domicilio\/#\/schema\/logo\/image\/","url":"https:\/\/i2.wp.com\/www.florestore.com\/flores-a-domicilio\/wp-content\/uploads\/2015\/09\/florestore.jpeg?fit=250%2C63&ssl=1","contentUrl":"https:\/\/i2.wp.com\/www.florestore.com\/flores-a-domicilio\/wp-content\/uploads\/2015\/09\/florestore.jpeg?fit=250%2C63&ssl=1","width":250,"height":63,"caption":"florestore"},"image":{"@id":"https:\/\/www.florestore.com\/flores-a-domicilio\/#\/schema\/logo\/image\/"},"sameAs":["http:\/\/www.instagram.com\/florsperatu","http:\/\/www.facebook.com\/florsperatu","https:\/\/twitter.com\/florsperatu"]}]}},"jetpack_shortlink":"https:\/\/wp.me\/P6MP5N-1bx","_links":{"self":[{"href":"https:\/\/www.florestore.com\/flores-a-domicilio\/wp-json\/wp\/v2\/pages\/4559"}],"collection":[{"href":"https:\/\/www.florestore.com\/flores-a-domicilio\/wp-json\/wp\/v2\/pages"}],"about":[{"href":"https:\/\/www.florestore.com\/flores-a-domicilio\/wp-json\/wp\/v2\/types\/page"}],"author":[{"embeddable":true,"href":"https:\/\/www.florestore.com\/flores-a-domicilio\/wp-json\/wp\/v2\/users\/1"}],"replies":[{"embeddable":true,"href":"https:\/\/www.florestore.com\/flores-a-domicilio\/wp-json\/wp\/v2\/comments?post=4559"}],"version-history":[{"count":42,"href":"https:\/\/www.florestore.com\/flores-a-domicilio\/wp-json\/wp\/v2\/pages\/4559\/revisions"}],"predecessor-version":[{"id":7668,"href":"https:\/\/www.florestore.com\/flores-a-domicilio\/wp-json\/wp\/v2\/pages\/4559\/revisions\/7668"}],"wp:attachment":[{"href":"https:\/\/www.florestore.com\/flores-a-domicilio\/wp-json\/wp\/v2\/media?parent=4559"}],"curies":[{"name":"wp","href":"https:\/\/api.w.org\/{rel}","templated":true}]}}