{"id":394,"date":"2021-12-11T21:37:27","date_gmt":"2021-12-11T19:37:27","guid":{"rendered":"\/flores-a-domicilio\/?page_id=394"},"modified":"2023-01-24T21:38:36","modified_gmt":"2023-01-24T19:38:36","slug":"flores-san-valentin","status":"publish","type":"page","link":"https:\/\/www.florestore.com\/flores-a-domicilio\/flores-san-valentin\/","title":{"rendered":"Flores San Valentin"},"content":{"rendered":"<div id=\"cs-content\" class=\"cs-content\"><\/div>\n","protected":false},"excerpt":{"rendered":"<p>Flores San Valentin Regala las flores de San Valent&iacute;n m&aacute;s originales de este 2023 con florestore Ramo 6 Rosas San Valent\u00edn 6 Rosas RojasVer Ramo Ramo 12 Rosas San Valent\u00edn El cl&aacute;sico que nunca fallaVer Ramo Pack Amor Rojo Mo\u00ebt &#038; Rosas Brindis de enamoradosVer RamoRosas de San Valentin D&eacute;jate seducir por el perfume de nuestros ramos de rosas para San ValentinVER RAMOS DE ROSASRamos de Rosas Rojas Ramos de rosas rojas originalesSi quieres regalar rosas para San Valent&iacute;n, este ramo de rosas&nbsp; es una apuesta de lo m&aacute;s original. &#8230; <a href=\"https:\/\/www.florestore.com\/flores-a-domicilio\/flores-san-valentin\/\" class=\"more-link\">Leer m\u00e1s<\/a><\/p>\n","protected":false},"author":1,"featured_media":0,"parent":0,"menu_order":0,"comment_status":"closed","ping_status":"closed","template":"template-blank-5.php","meta":{"jetpack_post_was_ever_published":false},"yoast_head":"<!-- This site is optimized with the Yoast SEO plugin v20.0 - https:\/\/yoast.com\/wordpress\/plugins\/seo\/ -->\n<title>Flores y ramos de rosas para San Valent\u00edn - Florestore<\/title>\n<meta name=\"description\" content=\"Las flores y ramos de rosas m\u00e1s originales para sorprender a tu pareja en San Valent\u00edn. Env\u00edo Gratis en 24 horas. \u00a1Haz clic y elige las tuyas!\" \/>\n<meta name=\"robots\" content=\"index, follow, max-snippet:-1, max-image-preview:large, max-video-preview:-1\" \/>\n<link rel=\"canonical\" href=\"https:\/\/www.florestore.com\/flores-a-domicilio\/flores-san-valentin\/\" \/>\n<meta property=\"og:locale\" content=\"es_ES\" \/>\n<meta property=\"og:type\" content=\"article\" \/>\n<meta property=\"og:title\" content=\"Flores y ramos de rosas para San Valent\u00edn - Florestore\" \/>\n<meta property=\"og:description\" content=\"Las flores y ramos de rosas m\u00e1s originales para sorprender a tu pareja en San Valent\u00edn. Env\u00edo Gratis en 24 horas. \u00a1Haz clic y elige las tuyas!\" \/>\n<meta property=\"og:url\" content=\"https:\/\/www.florestore.com\/flores-a-domicilio\/flores-san-valentin\/\" \/>\n<meta property=\"og:site_name\" content=\"flores a domicilio\" \/>\n<meta property=\"article:publisher\" content=\"http:\/\/www.facebook.com\/florsperatu\" \/>\n<meta property=\"article:modified_time\" content=\"2023-01-24T19:38:36+00:00\" \/>\n<meta name=\"twitter:card\" content=\"summary_large_image\" \/>\n<meta name=\"twitter:site\" content=\"@florsperatu\" \/>\n<meta name=\"twitter:label1\" content=\"Tiempo de lectura\" \/>\n\t<meta name=\"twitter:data1\" content=\"19 minutos\" \/>\n<!-- \/ Yoast SEO plugin. -->","yoast_head_json":{"title":"Flores y ramos de rosas para San Valent\u00edn - Florestore","description":"Las flores y ramos de rosas m\u00e1s originales para sorprender a tu pareja en San Valent\u00edn. Env\u00edo Gratis en 24 horas. \u00a1Haz clic y elige las tuyas!","robots":{"index":"index","follow":"follow","max-snippet":"max-snippet:-1","max-image-preview":"max-image-preview:large","max-video-preview":"max-video-preview:-1"},"canonical":"https:\/\/www.florestore.com\/flores-a-domicilio\/flores-san-valentin\/","og_locale":"es_ES","og_type":"article","og_title":"Flores y ramos de rosas para San Valent\u00edn - Florestore","og_description":"Las flores y ramos de rosas m\u00e1s originales para sorprender a tu pareja en San Valent\u00edn. Env\u00edo Gratis en 24 horas. \u00a1Haz clic y elige las tuyas!","og_url":"https:\/\/www.florestore.com\/flores-a-domicilio\/flores-san-valentin\/","og_site_name":"flores a domicilio","article_publisher":"http:\/\/www.facebook.com\/florsperatu","article_modified_time":"2023-01-24T19:38:36+00:00","twitter_card":"summary_large_image","twitter_site":"@florsperatu","twitter_misc":{"Tiempo de lectura":"19 minutos"},"schema":{"@context":"https:\/\/schema.org","@graph":[{"@type":"WebPage","@id":"https:\/\/www.florestore.com\/flores-a-domicilio\/flores-san-valentin\/","url":"https:\/\/www.florestore.com\/flores-a-domicilio\/flores-san-valentin\/","name":"Flores y ramos de rosas para San Valent\u00edn - Florestore","isPartOf":{"@id":"https:\/\/www.florestore.com\/flores-a-domicilio\/#website"},"datePublished":"2021-12-11T19:37:27+00:00","dateModified":"2023-01-24T19:38:36+00:00","description":"Las flores y ramos de rosas m\u00e1s originales para sorprender a tu pareja en San Valent\u00edn. Env\u00edo Gratis en 24 horas. \u00a1Haz clic y elige las tuyas!","breadcrumb":{"@id":"https:\/\/www.florestore.com\/flores-a-domicilio\/flores-san-valentin\/#breadcrumb"},"inLanguage":"es","potentialAction":[{"@type":"ReadAction","target":["https:\/\/www.florestore.com\/flores-a-domicilio\/flores-san-valentin\/"]}]},{"@type":"BreadcrumbList","@id":"https:\/\/www.florestore.com\/flores-a-domicilio\/flores-san-valentin\/#breadcrumb","itemListElement":[{"@type":"ListItem","position":1,"name":"Portada","item":"https:\/\/www.florestore.com\/flores-a-domicilio\/"},{"@type":"ListItem","position":2,"name":"Flores San Valentin"}]},{"@type":"WebSite","@id":"https:\/\/www.florestore.com\/flores-a-domicilio\/#website","url":"https:\/\/www.florestore.com\/flores-a-domicilio\/","name":"flores a domicilio","description":"Env\u00edo de flores a domicilio","publisher":{"@id":"https:\/\/www.florestore.com\/flores-a-domicilio\/#organization"},"potentialAction":[{"@type":"SearchAction","target":{"@type":"EntryPoint","urlTemplate":"https:\/\/www.florestore.com\/flores-a-domicilio\/?s={search_term_string}"},"query-input":"required name=search_term_string"}],"inLanguage":"es"},{"@type":"Organization","@id":"https:\/\/www.florestore.com\/flores-a-domicilio\/#organization","name":"florestore","url":"https:\/\/www.florestore.com\/flores-a-domicilio\/","logo":{"@type":"ImageObject","inLanguage":"es","@id":"https:\/\/www.florestore.com\/flores-a-domicilio\/#\/schema\/logo\/image\/","url":"https:\/\/i2.wp.com\/www.florestore.com\/flores-a-domicilio\/wp-content\/uploads\/2015\/09\/florestore.jpeg?fit=250%2C63&ssl=1","contentUrl":"https:\/\/i2.wp.com\/www.florestore.com\/flores-a-domicilio\/wp-content\/uploads\/2015\/09\/florestore.jpeg?fit=250%2C63&ssl=1","width":250,"height":63,"caption":"florestore"},"image":{"@id":"https:\/\/www.florestore.com\/flores-a-domicilio\/#\/schema\/logo\/image\/"},"sameAs":["http:\/\/www.instagram.com\/florsperatu","http:\/\/www.facebook.com\/florsperatu","https:\/\/twitter.com\/florsperatu"]}]}},"jetpack_shortlink":"https:\/\/wp.me\/P6MP5N-6m","_links":{"self":[{"href":"https:\/\/www.florestore.com\/flores-a-domicilio\/wp-json\/wp\/v2\/pages\/394"}],"collection":[{"href":"https:\/\/www.florestore.com\/flores-a-domicilio\/wp-json\/wp\/v2\/pages"}],"about":[{"href":"https:\/\/www.florestore.com\/flores-a-domicilio\/wp-json\/wp\/v2\/types\/page"}],"author":[{"embeddable":true,"href":"https:\/\/www.florestore.com\/flores-a-domicilio\/wp-json\/wp\/v2\/users\/1"}],"replies":[{"embeddable":true,"href":"https:\/\/www.florestore.com\/flores-a-domicilio\/wp-json\/wp\/v2\/comments?post=394"}],"version-history":[{"count":117,"href":"https:\/\/www.florestore.com\/flores-a-domicilio\/wp-json\/wp\/v2\/pages\/394\/revisions"}],"predecessor-version":[{"id":7685,"href":"https:\/\/www.florestore.com\/flores-a-domicilio\/wp-json\/wp\/v2\/pages\/394\/revisions\/7685"}],"wp:attachment":[{"href":"https:\/\/www.florestore.com\/flores-a-domicilio\/wp-json\/wp\/v2\/media?parent=394"}],"curies":[{"name":"wp","href":"https:\/\/api.w.org\/{rel}","templated":true}]}}