{"id":3378,"date":"2022-04-01T06:53:41","date_gmt":"2022-04-01T04:53:41","guid":{"rendered":"\/flores-a-domicilio\/?page_id=3378"},"modified":"2023-05-05T14:18:54","modified_gmt":"2023-05-05T12:18:54","slug":"flores-dia-de-la-madre","status":"publish","type":"page","link":"https:\/\/www.florestore.com\/flores-a-domicilio\/flores-dia-de-la-madre\/","title":{"rendered":"Flores Dia de la Madre"},"content":{"rendered":"<div id=\"cs-content\" class=\"cs-content\"><\/div>\n","protected":false},"excerpt":{"rendered":"<p>&iexcl;Felicidades, Mam&aacute;! Las Mejores Flores para el D&iacute;a de la Madre Env\u00edo de flores naturales a domicilio para sorprender en el D\u00eda de la MadreMISURI FLORES ORIGINALES PARA MAM\u00c1 Sorprende el D\u00eda de la Madre con esta preciosa composici\u00f3n de flores en gama de rosados y malvas, presentada en una bonita base met\u00e1lica con mucho estilo. \u00a1Fel\u00edz D\u00eda Mam\u00e1! ComprarMONTANA MAM\u00c1, \u00a1ERES MARAVILLOSA! Demu\u00e9strale cu\u00e1n importante es para ti con este arreglo floral exclusivo con base de vidrio y musgo, gerberas, margaritas y rosas preparadas para emocionar. ComprarFlores D\u00eda de &#8230; <a href=\"https:\/\/www.florestore.com\/flores-a-domicilio\/flores-dia-de-la-madre\/\" class=\"more-link\">Leer m\u00e1s<\/a><\/p>\n","protected":false},"author":1,"featured_media":7579,"parent":0,"menu_order":0,"comment_status":"closed","ping_status":"closed","template":"template-blank-5.php","meta":{"jetpack_post_was_ever_published":false},"yoast_head":"<!-- This site is optimized with the Yoast SEO plugin v20.0 - https:\/\/yoast.com\/wordpress\/plugins\/seo\/ -->\n<title>Flores y Arreglos Florales | D\u00eda de la Madre 2023 | Ofertas<\/title>\n<meta name=\"description\" content=\"Env\u00edo de Flores y Arreglos Florales para el D\u00eda de la Madre 2023 a cualquier punto de Espa\u00f1a, con env\u00edo r\u00e1pido. \u00a1Haz tu pedido ahora y sorprende a mam\u00e1!\" \/>\n<meta name=\"robots\" content=\"index, follow, max-snippet:-1, max-image-preview:large, max-video-preview:-1\" \/>\n<link rel=\"canonical\" href=\"https:\/\/www.florestore.com\/flores-a-domicilio\/flores-dia-de-la-madre\/\" \/>\n<meta property=\"og:locale\" content=\"es_ES\" \/>\n<meta property=\"og:type\" content=\"article\" \/>\n<meta property=\"og:title\" content=\"Flores y Arreglos Florales | D\u00eda de la Madre 2023 | Ofertas\" \/>\n<meta property=\"og:description\" content=\"Env\u00edo de Flores y Arreglos Florales para el D\u00eda de la Madre 2023 a cualquier punto de Espa\u00f1a, con env\u00edo r\u00e1pido. \u00a1Haz tu pedido ahora y sorprende a mam\u00e1!\" \/>\n<meta property=\"og:url\" content=\"https:\/\/www.florestore.com\/flores-a-domicilio\/flores-dia-de-la-madre\/\" \/>\n<meta property=\"og:site_name\" content=\"flores a domicilio\" \/>\n<meta property=\"article:publisher\" content=\"http:\/\/www.facebook.com\/florsperatu\" \/>\n<meta property=\"article:modified_time\" content=\"2023-05-05T12:18:54+00:00\" \/>\n<meta property=\"og:image\" content=\"https:\/\/i0.wp.com\/www.florestore.com\/flores-a-domicilio\/wp-content\/uploads\/2022\/03\/Comprar-flores-dia-de-la-madre.jpg?fit=750%2C750&ssl=1\" \/>\n\t<meta property=\"og:image:width\" content=\"750\" \/>\n\t<meta property=\"og:image:height\" content=\"750\" \/>\n\t<meta property=\"og:image:type\" content=\"image\/jpeg\" \/>\n<meta name=\"twitter:card\" content=\"summary_large_image\" \/>\n<meta name=\"twitter:site\" content=\"@florsperatu\" \/>\n<meta name=\"twitter:label1\" content=\"Tiempo de lectura\" \/>\n\t<meta name=\"twitter:data1\" content=\"19 minutos\" \/>\n<!-- \/ Yoast SEO plugin. -->","yoast_head_json":{"title":"Flores y Arreglos Florales | D\u00eda de la Madre 2023 | Ofertas","description":"Env\u00edo de Flores y Arreglos Florales para el D\u00eda de la Madre 2023 a cualquier punto de Espa\u00f1a, con env\u00edo r\u00e1pido. \u00a1Haz tu pedido ahora y sorprende a mam\u00e1!","robots":{"index":"index","follow":"follow","max-snippet":"max-snippet:-1","max-image-preview":"max-image-preview:large","max-video-preview":"max-video-preview:-1"},"canonical":"https:\/\/www.florestore.com\/flores-a-domicilio\/flores-dia-de-la-madre\/","og_locale":"es_ES","og_type":"article","og_title":"Flores y Arreglos Florales | D\u00eda de la Madre 2023 | Ofertas","og_description":"Env\u00edo de Flores y Arreglos Florales para el D\u00eda de la Madre 2023 a cualquier punto de Espa\u00f1a, con env\u00edo r\u00e1pido. \u00a1Haz tu pedido ahora y sorprende a mam\u00e1!","og_url":"https:\/\/www.florestore.com\/flores-a-domicilio\/flores-dia-de-la-madre\/","og_site_name":"flores a domicilio","article_publisher":"http:\/\/www.facebook.com\/florsperatu","article_modified_time":"2023-05-05T12:18:54+00:00","og_image":[{"width":750,"height":750,"url":"https:\/\/i0.wp.com\/www.florestore.com\/flores-a-domicilio\/wp-content\/uploads\/2022\/03\/Comprar-flores-dia-de-la-madre.jpg?fit=750%2C750&ssl=1","type":"image\/jpeg"}],"twitter_card":"summary_large_image","twitter_site":"@florsperatu","twitter_misc":{"Tiempo de lectura":"19 minutos"},"schema":{"@context":"https:\/\/schema.org","@graph":[{"@type":"WebPage","@id":"https:\/\/www.florestore.com\/flores-a-domicilio\/flores-dia-de-la-madre\/","url":"https:\/\/www.florestore.com\/flores-a-domicilio\/flores-dia-de-la-madre\/","name":"Flores y Arreglos Florales | D\u00eda de la Madre 2023 | Ofertas","isPartOf":{"@id":"https:\/\/www.florestore.com\/flores-a-domicilio\/#website"},"datePublished":"2022-04-01T04:53:41+00:00","dateModified":"2023-05-05T12:18:54+00:00","description":"Env\u00edo de Flores y Arreglos Florales para el D\u00eda de la Madre 2023 a cualquier punto de Espa\u00f1a, con env\u00edo r\u00e1pido. \u00a1Haz tu pedido ahora y sorprende a mam\u00e1!","breadcrumb":{"@id":"https:\/\/www.florestore.com\/flores-a-domicilio\/flores-dia-de-la-madre\/#breadcrumb"},"inLanguage":"es","potentialAction":[{"@type":"ReadAction","target":["https:\/\/www.florestore.com\/flores-a-domicilio\/flores-dia-de-la-madre\/"]}]},{"@type":"BreadcrumbList","@id":"https:\/\/www.florestore.com\/flores-a-domicilio\/flores-dia-de-la-madre\/#breadcrumb","itemListElement":[{"@type":"ListItem","position":1,"name":"Portada","item":"https:\/\/www.florestore.com\/flores-a-domicilio\/"},{"@type":"ListItem","position":2,"name":"Flores Dia de la Madre"}]},{"@type":"WebSite","@id":"https:\/\/www.florestore.com\/flores-a-domicilio\/#website","url":"https:\/\/www.florestore.com\/flores-a-domicilio\/","name":"flores a domicilio","description":"Env\u00edo de flores a domicilio","publisher":{"@id":"https:\/\/www.florestore.com\/flores-a-domicilio\/#organization"},"potentialAction":[{"@type":"SearchAction","target":{"@type":"EntryPoint","urlTemplate":"https:\/\/www.florestore.com\/flores-a-domicilio\/?s={search_term_string}"},"query-input":"required name=search_term_string"}],"inLanguage":"es"},{"@type":"Organization","@id":"https:\/\/www.florestore.com\/flores-a-domicilio\/#organization","name":"florestore","url":"https:\/\/www.florestore.com\/flores-a-domicilio\/","logo":{"@type":"ImageObject","inLanguage":"es","@id":"https:\/\/www.florestore.com\/flores-a-domicilio\/#\/schema\/logo\/image\/","url":"https:\/\/i2.wp.com\/www.florestore.com\/flores-a-domicilio\/wp-content\/uploads\/2015\/09\/florestore.jpeg?fit=250%2C63&ssl=1","contentUrl":"https:\/\/i2.wp.com\/www.florestore.com\/flores-a-domicilio\/wp-content\/uploads\/2015\/09\/florestore.jpeg?fit=250%2C63&ssl=1","width":250,"height":63,"caption":"florestore"},"image":{"@id":"https:\/\/www.florestore.com\/flores-a-domicilio\/#\/schema\/logo\/image\/"},"sameAs":["http:\/\/www.instagram.com\/florsperatu","http:\/\/www.facebook.com\/florsperatu","https:\/\/twitter.com\/florsperatu"]}]}},"jetpack_shortlink":"https:\/\/wp.me\/P6MP5N-Su","_links":{"self":[{"href":"https:\/\/www.florestore.com\/flores-a-domicilio\/wp-json\/wp\/v2\/pages\/3378"}],"collection":[{"href":"https:\/\/www.florestore.com\/flores-a-domicilio\/wp-json\/wp\/v2\/pages"}],"about":[{"href":"https:\/\/www.florestore.com\/flores-a-domicilio\/wp-json\/wp\/v2\/types\/page"}],"author":[{"embeddable":true,"href":"https:\/\/www.florestore.com\/flores-a-domicilio\/wp-json\/wp\/v2\/users\/1"}],"replies":[{"embeddable":true,"href":"https:\/\/www.florestore.com\/flores-a-domicilio\/wp-json\/wp\/v2\/comments?post=3378"}],"version-history":[{"count":116,"href":"https:\/\/www.florestore.com\/flores-a-domicilio\/wp-json\/wp\/v2\/pages\/3378\/revisions"}],"predecessor-version":[{"id":7703,"href":"https:\/\/www.florestore.com\/flores-a-domicilio\/wp-json\/wp\/v2\/pages\/3378\/revisions\/7703"}],"wp:featuredmedia":[{"embeddable":true,"href":"https:\/\/www.florestore.com\/flores-a-domicilio\/wp-json\/wp\/v2\/media\/7579"}],"wp:attachment":[{"href":"https:\/\/www.florestore.com\/flores-a-domicilio\/wp-json\/wp\/v2\/media?parent=3378"}],"curies":[{"name":"wp","href":"https:\/\/api.w.org\/{rel}","templated":true}]}}